{"id":32,"date":"2015-06-16T18:32:54","date_gmt":"2015-06-16T16:32:54","guid":{"rendered":"http:\/\/pelimedia.de\/Tierservice\/?page_id=32"},"modified":"2023-06-12T19:27:06","modified_gmt":"2023-06-12T17:27:06","slug":"tierpension","status":"publish","type":"page","link":"https:\/\/www.pelimedia.de\/Tierservice\/?page_id=32","title":{"rendered":"Tierpension"},"content":{"rendered":"<p><a href=\"http:\/\/pelimedia.de\/Tierservice\/wp-content\/uploads\/2015\/06\/Tierpension2.jpg\" data-rel=\"lightbox-image-0\" data-rl_title=\"\" data-rl_caption=\"\" title=\"\"><img loading=\"lazy\" decoding=\"async\" class=\"alignleft wp-image-148 \" src=\"http:\/\/pelimedia.de\/Tierservice\/wp-content\/uploads\/2015\/06\/Tierpension2.jpg\" alt=\"Tierpension2\" width=\"301\" height=\"701\" srcset=\"https:\/\/www.pelimedia.de\/Tierservice\/wp-content\/uploads\/2015\/06\/Tierpension2.jpg 400w, https:\/\/www.pelimedia.de\/Tierservice\/wp-content\/uploads\/2015\/06\/Tierpension2-129x300.jpg 129w, https:\/\/www.pelimedia.de\/Tierservice\/wp-content\/uploads\/2015\/06\/Tierpension2-64x150.jpg 64w\" sizes=\"(max-width: 301px) 100vw, 301px\" \/><\/a>Die Hundeg\u00e4ste leben mit uns im Haus, wie sie es von zu Hause gewohnt sind.\u00a0Jeden Tag k\u00f6nnen sie (m\u00fcssen aber nicht) drau\u00dfen toben und sich frei bewegen.\u00a0Unsere Anlage umfasst ca. 2 x 2000 qm. Zudem haben die Hunde R\u00fcckzugsm\u00f6glichkeiten\u00a0in einem von unseren drei &#8222;Reihenhaus-G\u00e4rten&#8220; (Gr\u00f6\u00dfe ca. 150 &#8211; 300 qm).\u00a0So k\u00f6nnen wir jedem gerecht werden und zur Not trennen.\u00a0Wir achten darauf, dass die Kleinen nicht von den Gro\u00dfen umgerannt werden, oder dass die\u00a0\u00e4lteren oder kranken Hunde\u00a0(R\u00fccken- oder Knochensch\u00e4den) ihre Ruhe bekommen, aber\u00a0dennoch am Geschehen teilhaben k\u00f6nnen.\u00a0Im Haus d\u00fcrfen unsere G\u00e4ste liegen, wo sie wollen. Wir haben Liegepl\u00e4tze in \u00dcberzahl zur Verf\u00fcgung.<\/p>\n<p>K\u00e4figtiere wie Hasen, Meerschweinchen, M\u00e4use und V\u00f6gel\u00a0sind\u00a0bei uns auch herzlich willkommen.\u00a0Bei uns gibt es nicht nur die\u00a0t\u00e4gliche F\u00fctterung f\u00fcr die Kleintiere. Gerne d\u00fcrfen die Nager\u00a0auch Freilauf genie\u00dfen und im Sommer in der Sonne Gras m\u00fcmmeln.<\/p>\n<p>&nbsp;<\/p>\n<p>&nbsp;<\/p>\n<p>Wir freuen uns auf Sie!<\/p>\n<p>&nbsp;<\/p>\n<p>Wir sind eine VETERIN\u00c4RAMTLICH GEPR\u00dcFTE UND STAATLICH ANERKANNTE TIERPENSION !<\/p>\n","protected":false},"excerpt":{"rendered":"<p>Die Hundeg\u00e4ste leben mit uns im Haus, wie sie es von zu Hause gewohnt sind.\u00a0Jeden Tag k\u00f6nnen sie (m\u00fcssen aber nicht) drau\u00dfen toben und sich frei bewegen.\u00a0Unsere Anlage umfasst ca. 2 x 2000 qm. Zudem haben die Hunde R\u00fcckzugsm\u00f6glichkeiten\u00a0in einem von unseren drei &#8222;Reihenhaus-G\u00e4rten&#8220; (Gr\u00f6\u00dfe ca. 150 &#8211; 300 qm).\u00a0So \u2026<\/p>\n<p class=\"continue-reading-button\"> <a class=\"continue-reading-link\" href=\"https:\/\/www.pelimedia.de\/Tierservice\/?page_id=32\">Mehr lesen&#8230;<i class=\"crycon-right-dir\"><\/i><\/a><\/p>\n","protected":false},"author":7,"featured_media":0,"parent":11,"menu_order":0,"comment_status":"closed","ping_status":"closed","template":"","meta":{"footnotes":""},"class_list":["post-32","page","type-page","status-publish","hentry"],"_links":{"self":[{"href":"https:\/\/www.pelimedia.de\/Tierservice\/index.php?rest_route=\/wp\/v2\/pages\/32"}],"collection":[{"href":"https:\/\/www.pelimedia.de\/Tierservice\/index.php?rest_route=\/wp\/v2\/pages"}],"about":[{"href":"https:\/\/www.pelimedia.de\/Tierservice\/index.php?rest_route=\/wp\/v2\/types\/page"}],"author":[{"embeddable":true,"href":"https:\/\/www.pelimedia.de\/Tierservice\/index.php?rest_route=\/wp\/v2\/users\/7"}],"replies":[{"embeddable":true,"href":"https:\/\/www.pelimedia.de\/Tierservice\/index.php?rest_route=%2Fwp%2Fv2%2Fcomments&post=32"}],"version-history":[{"count":22,"href":"https:\/\/www.pelimedia.de\/Tierservice\/index.php?rest_route=\/wp\/v2\/pages\/32\/revisions"}],"predecessor-version":[{"id":354,"href":"https:\/\/www.pelimedia.de\/Tierservice\/index.php?rest_route=\/wp\/v2\/pages\/32\/revisions\/354"}],"up":[{"embeddable":true,"href":"https:\/\/www.pelimedia.de\/Tierservice\/index.php?rest_route=\/wp\/v2\/pages\/11"}],"wp:attachment":[{"href":"https:\/\/www.pelimedia.de\/Tierservice\/index.php?rest_route=%2Fwp%2Fv2%2Fmedia&parent=32"}],"curies":[{"name":"wp","href":"https:\/\/api.w.org\/{rel}","templated":true}]}}