{"id":36,"date":"2015-06-16T18:36:31","date_gmt":"2015-06-16T16:36:31","guid":{"rendered":"http:\/\/pelimedia.de\/Tierservice\/?page_id=36"},"modified":"2015-06-19T21:54:27","modified_gmt":"2015-06-19T19:54:27","slug":"ernaehrungsberatung","status":"publish","type":"page","link":"https:\/\/www.pelimedia.de\/Tierservice\/?page_id=36","title":{"rendered":"Ern\u00e4hrungsberatung"},"content":{"rendered":"<p><a href=\"http:\/\/pelimedia.de\/Tierservice\/wp-content\/uploads\/2015\/06\/fotolia_29394326-2.jpg\" data-rel=\"lightbox-image-0\" data-rl_title=\"\" data-rl_caption=\"\" title=\"\"><img loading=\"lazy\" decoding=\"async\" class=\" size-medium wp-image-114 alignleft\" src=\"http:\/\/pelimedia.de\/Tierservice\/wp-content\/uploads\/2015\/06\/fotolia_29394326-2-300x191.jpg\" alt=\"fotolia_29394326-2\" width=\"300\" height=\"191\" srcset=\"https:\/\/www.pelimedia.de\/Tierservice\/wp-content\/uploads\/2015\/06\/fotolia_29394326-2-300x191.jpg 300w, https:\/\/www.pelimedia.de\/Tierservice\/wp-content\/uploads\/2015\/06\/fotolia_29394326-2-236x150.jpg 236w, https:\/\/www.pelimedia.de\/Tierservice\/wp-content\/uploads\/2015\/06\/fotolia_29394326-2-150x95.jpg 150w, https:\/\/www.pelimedia.de\/Tierservice\/wp-content\/uploads\/2015\/06\/fotolia_29394326-2-318x201.jpg 318w, https:\/\/www.pelimedia.de\/Tierservice\/wp-content\/uploads\/2015\/06\/fotolia_29394326-2.jpg 500w\" sizes=\"(max-width: 300px) 100vw, 300px\" \/><\/a>Ihr Hund frisst nicht gut? Er hat Bl\u00e4hungen? Ist zu dick, oder, oder, oder?<br \/>\nIch helfe Ihnen das richtige Futter f\u00fcr Ihren Hund zu finden.<br \/>\nWir f\u00fcttern hier hochwertiges &#8222;Christopherusfutter&#8220; in Nass- und Trockenform f\u00fcr jede Art von Hund.<\/p>\n<p><strong>Ich berate Sie gerne. Vereinbaren Sie ein ausf\u00fchrliches Beratungsgespr\u00e4ch.<\/strong><\/p>\n","protected":false},"excerpt":{"rendered":"<p>Ihr Hund frisst nicht gut? Er hat Bl\u00e4hungen? Ist zu dick, oder, oder, oder? Ich helfe Ihnen das richtige Futter f\u00fcr Ihren Hund zu finden. Wir f\u00fcttern hier hochwertiges &#8222;Christopherusfutter&#8220; in Nass- und Trockenform f\u00fcr jede Art von Hund. Ich berate Sie gerne. Vereinbaren Sie ein ausf\u00fchrliches Beratungsgespr\u00e4ch.<\/p>\n<p class=\"continue-reading-button\"> <a class=\"continue-reading-link\" href=\"https:\/\/www.pelimedia.de\/Tierservice\/?page_id=36\">Mehr lesen&#8230;<i class=\"crycon-right-dir\"><\/i><\/a><\/p>\n","protected":false},"author":7,"featured_media":0,"parent":11,"menu_order":0,"comment_status":"closed","ping_status":"closed","template":"","meta":{"footnotes":""},"class_list":["post-36","page","type-page","status-publish","hentry"],"_links":{"self":[{"href":"https:\/\/www.pelimedia.de\/Tierservice\/index.php?rest_route=\/wp\/v2\/pages\/36"}],"collection":[{"href":"https:\/\/www.pelimedia.de\/Tierservice\/index.php?rest_route=\/wp\/v2\/pages"}],"about":[{"href":"https:\/\/www.pelimedia.de\/Tierservice\/index.php?rest_route=\/wp\/v2\/types\/page"}],"author":[{"embeddable":true,"href":"https:\/\/www.pelimedia.de\/Tierservice\/index.php?rest_route=\/wp\/v2\/users\/7"}],"replies":[{"embeddable":true,"href":"https:\/\/www.pelimedia.de\/Tierservice\/index.php?rest_route=%2Fwp%2Fv2%2Fcomments&post=36"}],"version-history":[{"count":2,"href":"https:\/\/www.pelimedia.de\/Tierservice\/index.php?rest_route=\/wp\/v2\/pages\/36\/revisions"}],"predecessor-version":[{"id":115,"href":"https:\/\/www.pelimedia.de\/Tierservice\/index.php?rest_route=\/wp\/v2\/pages\/36\/revisions\/115"}],"up":[{"embeddable":true,"href":"https:\/\/www.pelimedia.de\/Tierservice\/index.php?rest_route=\/wp\/v2\/pages\/11"}],"wp:attachment":[{"href":"https:\/\/www.pelimedia.de\/Tierservice\/index.php?rest_route=%2Fwp%2Fv2%2Fmedia&parent=36"}],"curies":[{"name":"wp","href":"https:\/\/api.w.org\/{rel}","templated":true}]}}