{"id":7,"date":"2015-05-26T20:11:53","date_gmt":"2015-05-26T18:11:53","guid":{"rendered":"http:\/\/pelimedia.de\/Tierservice\/?page_id=7"},"modified":"2022-01-22T12:54:41","modified_gmt":"2022-01-22T11:54:41","slug":"unser-motto","status":"publish","type":"page","link":"https:\/\/www.pelimedia.de\/Tierservice\/?page_id=7","title":{"rendered":"Unser Motto"},"content":{"rendered":"<p><a href=\"http:\/\/pelimedia.de\/Tierservice\/wp-content\/uploads\/2015\/05\/Bildergalerie3.jpg\" data-rel=\"lightbox-image-0\" data-rl_title=\"\" data-rl_caption=\"\" title=\"\"><img loading=\"lazy\" decoding=\"async\" class=\" size-medium wp-image-74 alignleft\" src=\"http:\/\/pelimedia.de\/Tierservice\/wp-content\/uploads\/2015\/05\/Bildergalerie3-300x225.jpg\" alt=\"Bildergalerie3\" width=\"300\" height=\"225\" srcset=\"https:\/\/www.pelimedia.de\/Tierservice\/wp-content\/uploads\/2015\/05\/Bildergalerie3-300x225.jpg 300w, https:\/\/www.pelimedia.de\/Tierservice\/wp-content\/uploads\/2015\/05\/Bildergalerie3-200x150.jpg 200w, https:\/\/www.pelimedia.de\/Tierservice\/wp-content\/uploads\/2015\/05\/Bildergalerie3-150x113.jpg 150w, https:\/\/www.pelimedia.de\/Tierservice\/wp-content\/uploads\/2015\/05\/Bildergalerie3.jpg 608w\" sizes=\"(max-width: 300px) 100vw, 300px\" \/><\/a>F\u00fcr mich ist Kundenservice kein leeres Wort. Ich bin immer bestrebt, die optimale L\u00f6sung f\u00fcr Ihre Bed\u00fcrfnisse zum Thema Haustier zu finden.<\/p>\n<p>Da wir viel mit den Tieren unterwegs sind, bzw. diese frei auf dem Gel\u00e4nde laufen, ist es wichtig einen festen Kennenlerntermin zu vereinbaren.<\/p>\n<p>Ich bin bedacht darauf, jedem Tier die Aufmerksamkeit und Zuneigung zu geben, die es auch zu Hause gewohnt ist. Deshalb ist ein vorheriges Gespr\u00e4ch von Wichtigkeit. Bitte vereinbaren Sie einen Termin hierf\u00fcr. Ich freue mich auf Ihren Anruf!<\/p>\n","protected":false},"excerpt":{"rendered":"<p>F\u00fcr mich ist Kundenservice kein leeres Wort. Ich bin immer bestrebt, die optimale L\u00f6sung f\u00fcr Ihre Bed\u00fcrfnisse zum Thema Haustier zu finden. Da wir viel mit den Tieren unterwegs sind, bzw. diese frei auf dem Gel\u00e4nde laufen, ist es wichtig einen festen Kennenlerntermin zu vereinbaren. Ich bin bedacht darauf, jedem \u2026<\/p>\n<p class=\"continue-reading-button\"> <a class=\"continue-reading-link\" href=\"https:\/\/www.pelimedia.de\/Tierservice\/?page_id=7\">Mehr lesen&#8230;<i class=\"crycon-right-dir\"><\/i><\/a><\/p>\n","protected":false},"author":7,"featured_media":0,"parent":0,"menu_order":0,"comment_status":"closed","ping_status":"closed","template":"","meta":{"footnotes":""},"class_list":["post-7","page","type-page","status-publish","hentry"],"_links":{"self":[{"href":"https:\/\/www.pelimedia.de\/Tierservice\/index.php?rest_route=\/wp\/v2\/pages\/7"}],"collection":[{"href":"https:\/\/www.pelimedia.de\/Tierservice\/index.php?rest_route=\/wp\/v2\/pages"}],"about":[{"href":"https:\/\/www.pelimedia.de\/Tierservice\/index.php?rest_route=\/wp\/v2\/types\/page"}],"author":[{"embeddable":true,"href":"https:\/\/www.pelimedia.de\/Tierservice\/index.php?rest_route=\/wp\/v2\/users\/7"}],"replies":[{"embeddable":true,"href":"https:\/\/www.pelimedia.de\/Tierservice\/index.php?rest_route=%2Fwp%2Fv2%2Fcomments&post=7"}],"version-history":[{"count":10,"href":"https:\/\/www.pelimedia.de\/Tierservice\/index.php?rest_route=\/wp\/v2\/pages\/7\/revisions"}],"predecessor-version":[{"id":306,"href":"https:\/\/www.pelimedia.de\/Tierservice\/index.php?rest_route=\/wp\/v2\/pages\/7\/revisions\/306"}],"wp:attachment":[{"href":"https:\/\/www.pelimedia.de\/Tierservice\/index.php?rest_route=%2Fwp%2Fv2%2Fmedia&parent=7"}],"curies":[{"name":"wp","href":"https:\/\/api.w.org\/{rel}","templated":true}]}}